{"id":794,"date":"2025-07-18T10:22:02","date_gmt":"2025-07-18T15:22:02","guid":{"rendered":"https:\/\/www.hospitalsantaritadecassia.co\/?page_id=794"},"modified":"2025-08-26T14:54:19","modified_gmt":"2025-08-26T19:54:19","slug":"transparencia","status":"publish","type":"page","link":"https:\/\/www.hospitalsantaritadecassia.co\/?page_id=794","title":{"rendered":"Transparencia"},"content":{"rendered":"\t\t<div data-elementor-type=\"wp-page\" data-elementor-id=\"794\" class=\"elementor elementor-794\">\n\t\t\t\t\t\t<section class=\"elementor-section elementor-top-section elementor-element elementor-element-861d31b elementor-section-boxed elementor-section-height-default elementor-section-height-default\" data-id=\"861d31b\" data-element_type=\"section\" data-e-type=\"section\">\n\t\t\t\t\t\t<div class=\"elementor-container elementor-column-gap-default\">\n\t\t\t\t\t<div class=\"elementor-column elementor-col-100 elementor-top-column elementor-element elementor-element-f8351f8\" data-id=\"f8351f8\" data-element_type=\"column\" data-e-type=\"column\">\n\t\t\t<div class=\"elementor-widget-wrap\">\n\t\t\t\t\t\t\t<\/div>\n\t\t<\/div>\n\t\t\t\t\t<\/div>\n\t\t<\/section>\n\t\t\t\t<section class=\"elementor-section elementor-top-section elementor-element elementor-element-266ab39 elementor-section-boxed elementor-section-height-default elementor-section-height-default\" data-id=\"266ab39\" data-element_type=\"section\" data-e-type=\"section\">\n\t\t\t\t\t\t<div class=\"elementor-container elementor-column-gap-default\">\n\t\t\t\t\t<div class=\"elementor-column elementor-col-100 elementor-top-column elementor-element elementor-element-53abd4a\" data-id=\"53abd4a\" data-element_type=\"column\" data-e-type=\"column\">\n\t\t\t<div class=\"elementor-widget-wrap elementor-element-populated\">\n\t\t\t\t\t\t<div class=\"elementor-element elementor-element-96685f7 elementor-widget elementor-widget-accordion\" data-id=\"96685f7\" data-element_type=\"widget\" data-e-type=\"widget\" data-widget_type=\"accordion.default\">\n\t\t\t\t<div class=\"elementor-widget-container\">\n\t\t\t\t\t\t\t<div class=\"elementor-accordion\">\n\t\t\t\t\t\t\t<div class=\"elementor-accordion-item\">\n\t\t\t\t\t<div id=\"elementor-tab-title-1571\" class=\"elementor-tab-title\" data-tab=\"1\" role=\"button\" aria-controls=\"elementor-tab-content-1571\" aria-expanded=\"false\">\n\t\t\t\t\t\t\t\t\t\t\t\t\t<span class=\"elementor-accordion-icon elementor-accordion-icon-left\" aria-hidden=\"true\">\n\t\t\t\t\t\t\t\t\t\t\t\t\t\t\t<span class=\"elementor-accordion-icon-closed\"><i class=\"fas fa-plus\"><\/i><\/span>\n\t\t\t\t\t\t\t\t<span class=\"elementor-accordion-icon-opened\"><i class=\"fas fa-minus\"><\/i><\/span>\n\t\t\t\t\t\t\t\t\t\t\t\t\t\t<\/span>\n\t\t\t\t\t\t\t\t\t\t\t\t<a class=\"elementor-accordion-title\" tabindex=\"0\"><b>1. INFORMACION DE LA ENTIDAD<\/b><\/a>\n\t\t\t\t\t<\/div>\n\t\t\t\t\t<div id=\"elementor-tab-content-1571\" class=\"elementor-tab-content elementor-clearfix\" data-tab=\"1\" role=\"region\" aria-labelledby=\"elementor-tab-title-1571\"><p><a href=\"https:\/\/www.hospitalsantaritadecassia.co\/?page_id=81\">1.1 Misi\u00f3n, Visual, Funciones y Deberes<\/a><\/p><p><a href=\"https:\/\/www.hospitalsantaritadecassia.co\/wp-content\/uploads\/Transparencia\/1.%20INFORMACION%20DE%20LA%20ENTIDAD\/1.2.%20organigrama.pdf\">1.2\u00a0Estructura org\u00e1nica &#8211; Organigrama<\/a><\/p><p>1.3\u00a0Mapas y Cartas descriptivas de los procesos<\/p><p><a href=\"https:\/\/www.hospitalsantaritadecassia.co\/wp-content\/uploads\/Transparencia\/1.%20INFORMACION%20DE%20LA%20ENTIDAD\/1.4.%20Directorios%20Institucionales.pdf\">1.4 Directorio Institucional incluyendo sedes, oficinas, sucursales, o regionales, y dependencias<\/a><\/p><p><a href=\"https:\/\/www.hospitalsantaritadecassia.co\/wp-content\/uploads\/Transparencia\/1.%20INFORMACION%20DE%20LA%20ENTIDAD\/1.5%20Directorio%20de%20servidores%20p%C3%BAblicos%2C%20empleados%20o%20contratistas.pdf\">1.5\u00a0Directorio de servidores p\u00fablicos, empleados o contratistas<\/a><\/p><p><a href=\"https:\/\/www.hospitalsantaritadecassia.co\/wp-content\/uploads\/Transparencia\/1.%20INFORMACION%20DE%20LA%20ENTIDAD\/1.6.Direccion%20de%20Entidades.pdf\">1.6\u00a0Directorio de entidades<\/a><\/p><p>1.7 Directorio de agremiaciones, asociaciones y otros grupos de inter\u00e9s<\/p><p>1.8\u00a0Servicio al p\u00fablico, normas, formularios y protocolos de atenci\u00f3n<\/p><p><a href=\"https:\/\/www.hospitalsantaritadecassia.co\/wp-content\/uploads\/Transparencia\/1.%20INFORMACION%20DE%20LA%20ENTIDAD\/1.9.Procedimiento%20para%20la%20toma%20de%20desiciones.pdf\">1.9\u00a0Procedimientos que se siguen para tomar decisiones en las diferentes \u00e1reas<\/a><\/p><p>1.10\u00a0Mecanismo de presentaci\u00f3n directa de solicitudes, quejas y reclamos a disposici\u00f3n del p\u00fablico en relaci\u00f3n con acciones u omisiones del sujeto obligado<\/p><p>1.11\u00a0Calendario de actividades y eventos<\/p><p>1.12\u00a0Informaci\u00f3n sobre decisiones que puede afectar al p\u00fablico<\/p><p>1.13\u00a0Entes y autoridades que lo vigilan<\/p><p>1.14\u00a0Publicaci\u00f3n de hojas de vida&#8212;&#8212;<\/p><p><a href=\"https:\/\/www.hospitalsantaritadecassia.co\/wp-content\/uploads\/Transparencia\/1.%20INFORMACION%20DE%20LA%20ENTIDAD\/1.15%20MANUAL%20DE%20FUNCIONES.pdf\">1.15 Manual de Funciones<\/a><\/p><\/div>\n\t\t\t\t<\/div>\n\t\t\t\t\t\t\t<div class=\"elementor-accordion-item\">\n\t\t\t\t\t<div id=\"elementor-tab-title-1572\" class=\"elementor-tab-title\" data-tab=\"2\" role=\"button\" aria-controls=\"elementor-tab-content-1572\" aria-expanded=\"false\">\n\t\t\t\t\t\t\t\t\t\t\t\t\t<span class=\"elementor-accordion-icon elementor-accordion-icon-left\" aria-hidden=\"true\">\n\t\t\t\t\t\t\t\t\t\t\t\t\t\t\t<span class=\"elementor-accordion-icon-closed\"><i class=\"fas fa-plus\"><\/i><\/span>\n\t\t\t\t\t\t\t\t<span class=\"elementor-accordion-icon-opened\"><i class=\"fas fa-minus\"><\/i><\/span>\n\t\t\t\t\t\t\t\t\t\t\t\t\t\t<\/span>\n\t\t\t\t\t\t\t\t\t\t\t\t<a class=\"elementor-accordion-title\" tabindex=\"0\"><b>2. NORMATIVA<\/b><\/a>\n\t\t\t\t\t<\/div>\n\t\t\t\t\t<div id=\"elementor-tab-content-1572\" class=\"elementor-tab-content elementor-clearfix\" data-tab=\"2\" role=\"region\" aria-labelledby=\"elementor-tab-title-1572\"><p>2.1 <a href=\"https:\/\/www.hospitalsantaritadecassia.co\/?page_id=843\">Normativa de la entidad o autoridad<\/a><\/p><p>2.2 B\u00fasqueda de normas<\/p><\/div>\n\t\t\t\t<\/div>\n\t\t\t\t\t\t\t<div class=\"elementor-accordion-item\">\n\t\t\t\t\t<div id=\"elementor-tab-title-1573\" class=\"elementor-tab-title\" data-tab=\"3\" role=\"button\" aria-controls=\"elementor-tab-content-1573\" aria-expanded=\"false\">\n\t\t\t\t\t\t\t\t\t\t\t\t\t<span class=\"elementor-accordion-icon elementor-accordion-icon-left\" aria-hidden=\"true\">\n\t\t\t\t\t\t\t\t\t\t\t\t\t\t\t<span class=\"elementor-accordion-icon-closed\"><i class=\"fas fa-plus\"><\/i><\/span>\n\t\t\t\t\t\t\t\t<span class=\"elementor-accordion-icon-opened\"><i class=\"fas fa-minus\"><\/i><\/span>\n\t\t\t\t\t\t\t\t\t\t\t\t\t\t<\/span>\n\t\t\t\t\t\t\t\t\t\t\t\t<a class=\"elementor-accordion-title\" tabindex=\"0\"><b>3. CONTRATACION<\/b><\/a>\n\t\t\t\t\t<\/div>\n\t\t\t\t\t<div id=\"elementor-tab-content-1573\" class=\"elementor-tab-content elementor-clearfix\" data-tab=\"3\" role=\"region\" aria-labelledby=\"elementor-tab-title-1573\"><p><a href=\"https:\/\/www.hospitalsantaritadecassia.co\/wp-content\/uploads\/Transparencia\/3.%20CONTRATACION\/3.1%20Plan%20anual%20de%20adquisicion.pdf\">3.1 Plan anual de adquisiones<\/a><\/p><p>3.2 Publicaci\u00f3n de la informaci\u00f3n contractual<\/p><p>3.3 Publicaci\u00f3n de la ejecuci\u00f3n de los contratos<\/p><p>3.4 Estatuto de contrataci\u00f3n, adquisici\u00f3n y\/o compras<\/p><p><a href=\"https:\/\/www.hospitalsantaritadecassia.co\/wp-content\/uploads\/Transparencia\/3.%20CONTRATACION\/3.5%20MANUAL%20DE%20CONTRATACION.pdf\">3.5 Manual de contrataci\u00f3n, adquisici\u00f3n y\/o compras<\/a><\/p><\/div>\n\t\t\t\t<\/div>\n\t\t\t\t\t\t\t<div class=\"elementor-accordion-item\">\n\t\t\t\t\t<div id=\"elementor-tab-title-1574\" class=\"elementor-tab-title\" data-tab=\"4\" role=\"button\" aria-controls=\"elementor-tab-content-1574\" aria-expanded=\"false\">\n\t\t\t\t\t\t\t\t\t\t\t\t\t<span class=\"elementor-accordion-icon elementor-accordion-icon-left\" aria-hidden=\"true\">\n\t\t\t\t\t\t\t\t\t\t\t\t\t\t\t<span class=\"elementor-accordion-icon-closed\"><i class=\"fas fa-plus\"><\/i><\/span>\n\t\t\t\t\t\t\t\t<span class=\"elementor-accordion-icon-opened\"><i class=\"fas fa-minus\"><\/i><\/span>\n\t\t\t\t\t\t\t\t\t\t\t\t\t\t<\/span>\n\t\t\t\t\t\t\t\t\t\t\t\t<a class=\"elementor-accordion-title\" tabindex=\"0\"><b>4. PLANEACION<\/b><\/a>\n\t\t\t\t\t<\/div>\n\t\t\t\t\t<div id=\"elementor-tab-content-1574\" class=\"elementor-tab-content elementor-clearfix\" data-tab=\"4\" role=\"region\" aria-labelledby=\"elementor-tab-title-1574\"><p><a href=\"https:\/\/www.hospitalsantaritadecassia.co\/wp-content\/uploads\/Transparencia\/4.%20PLANEACION\/4.1%20PRESUPUESTO%20DE%20INGRESOS%20Y%20GASTOS%20VIGENCIA.pdf\">4.1 Presupuesto general de ingresos, gastos e inversi\u00f3n<\/a><\/p><p><a href=\"https:\/\/www.hospitalsantaritadecassia.co\/wp-content\/uploads\/Transparencia\/4.%20PLANEACION\/4.2%20EJECUCION%20PRESUPUESTAL%20DE%20INGRESOS%20Y%20GASTOS%20CORTE%20ENERO%20A%20JUNIO%20DE%202025.pdf\">4.2 Ejecuci\u00f3n presupuestal<\/a><\/p><p>4.3 Plan de Acci\u00f3n<\/p><p>4.4 Proyectos de Inversi\u00f3n<\/p><p>4.5 Informes de empalme<\/p><p><a href=\"https:\/\/www.hospitalsantaritadecassia.co\/wp-content\/uploads\/Transparencia\/4.%20PLANEACION\/4.7.%20PLAN%20DE%20GESTION%20DISTRA%2024-28%20(1).pdf\">4.7 Informes de gesti\u00f3n, evaluaci\u00f3n y auditor\u00eda<\/a><\/p><p><a href=\"https:\/\/www.hospitalsantaritadecassia.co\/wp-content\/uploads\/Transparencia\/4.%20PLANEACION\/4.8.Informe-Auditoria-%20seguimiento%20meci.pdf\">4.8 Informes de la Oficina de Control Interno<\/a><\/p><p>4.9 Informe sobre Defensa P\u00fablica y Prevenci\u00f3n del Da\u00f1o Antijur\u00eddico<\/p><p>4.10 Informes trimestrales sobre acceso a informaci\u00f3n, quejas y reclamos<\/p><p><a href=\"https:\/\/www.hospitalsantaritadecassia.co\/?page_id=867\">4.11 Planes Institucionales (Decreto 612 2018).<\/a><\/p><p>4.12 Plan de Desarrollo<\/p><p>4.13 Estados Financieros<\/p><p>4.14 Comit\u00e9 de Gesti\u00f3n y Desempe\u00f1o<\/p><p>4.15 Pol\u00edticas y lineamientos sectoriales e institucionales<\/p><p>4.16 C\u00f3digo de Integridad<\/p><p><a href=\"https:\/\/www.hospitalsantaritadecassia.co\/wp-content\/uploads\/Transparencia\/4.%20PLANEACION\/4.17%20RENDICION%20DE%20CUENTAS.pdf\">4.17 Rendici\u00f3n de cuentas<\/a><\/p><p>4.18 Planes de Gesti\u00f3n<\/p><\/div>\n\t\t\t\t<\/div>\n\t\t\t\t\t\t\t<div class=\"elementor-accordion-item\">\n\t\t\t\t\t<div id=\"elementor-tab-title-1575\" class=\"elementor-tab-title\" data-tab=\"5\" role=\"button\" aria-controls=\"elementor-tab-content-1575\" aria-expanded=\"false\">\n\t\t\t\t\t\t\t\t\t\t\t\t\t<span class=\"elementor-accordion-icon elementor-accordion-icon-left\" aria-hidden=\"true\">\n\t\t\t\t\t\t\t\t\t\t\t\t\t\t\t<span class=\"elementor-accordion-icon-closed\"><i class=\"fas fa-plus\"><\/i><\/span>\n\t\t\t\t\t\t\t\t<span class=\"elementor-accordion-icon-opened\"><i class=\"fas fa-minus\"><\/i><\/span>\n\t\t\t\t\t\t\t\t\t\t\t\t\t\t<\/span>\n\t\t\t\t\t\t\t\t\t\t\t\t<a class=\"elementor-accordion-title\" tabindex=\"0\"><b>5. TRAMITES<\/b><\/a>\n\t\t\t\t\t<\/div>\n\t\t\t\t\t<div id=\"elementor-tab-content-1575\" class=\"elementor-tab-content elementor-clearfix\" data-tab=\"5\" role=\"region\" aria-labelledby=\"elementor-tab-title-1575\"><p>5.1 Tr\u00e1mites<\/p><\/div>\n\t\t\t\t<\/div>\n\t\t\t\t\t\t\t<div class=\"elementor-accordion-item\">\n\t\t\t\t\t<div id=\"elementor-tab-title-1576\" class=\"elementor-tab-title\" data-tab=\"6\" role=\"button\" aria-controls=\"elementor-tab-content-1576\" aria-expanded=\"false\">\n\t\t\t\t\t\t\t\t\t\t\t\t\t<span class=\"elementor-accordion-icon elementor-accordion-icon-left\" aria-hidden=\"true\">\n\t\t\t\t\t\t\t\t\t\t\t\t\t\t\t<span class=\"elementor-accordion-icon-closed\"><i class=\"fas fa-plus\"><\/i><\/span>\n\t\t\t\t\t\t\t\t<span class=\"elementor-accordion-icon-opened\"><i class=\"fas fa-minus\"><\/i><\/span>\n\t\t\t\t\t\t\t\t\t\t\t\t\t\t<\/span>\n\t\t\t\t\t\t\t\t\t\t\t\t<a class=\"elementor-accordion-title\" tabindex=\"0\"><b>6. PARTICIPA<\/b><\/a>\n\t\t\t\t\t<\/div>\n\t\t\t\t\t<div id=\"elementor-tab-content-1576\" class=\"elementor-tab-content elementor-clearfix\" data-tab=\"6\" role=\"region\" aria-labelledby=\"elementor-tab-title-1576\"><p>6.1 Descripci\u00f3n General<\/p><p>6.2 Estructura y Secciones del men\u00fa \u00abPARTICIPA\u00bb<\/p><p><a href=\"https:\/\/www.hospitalsantaritadecassia.co\/wp-content\/uploads\/Transparencia\/6.%20PARTICIPA\/6.3%20Plan%20anticorrupcion%20y%20atencion%20al%20ciudadano.pdf\">6.3 Plan Anticorrupci\u00f3n y atenci\u00f3n al ciudadano (PAAC)<\/a><\/p><\/div>\n\t\t\t\t<\/div>\n\t\t\t\t\t\t\t<div class=\"elementor-accordion-item\">\n\t\t\t\t\t<div id=\"elementor-tab-title-1577\" class=\"elementor-tab-title\" data-tab=\"7\" role=\"button\" aria-controls=\"elementor-tab-content-1577\" aria-expanded=\"false\">\n\t\t\t\t\t\t\t\t\t\t\t\t\t<span class=\"elementor-accordion-icon elementor-accordion-icon-left\" aria-hidden=\"true\">\n\t\t\t\t\t\t\t\t\t\t\t\t\t\t\t<span class=\"elementor-accordion-icon-closed\"><i class=\"fas fa-plus\"><\/i><\/span>\n\t\t\t\t\t\t\t\t<span class=\"elementor-accordion-icon-opened\"><i class=\"fas fa-minus\"><\/i><\/span>\n\t\t\t\t\t\t\t\t\t\t\t\t\t\t<\/span>\n\t\t\t\t\t\t\t\t\t\t\t\t<a class=\"elementor-accordion-title\" tabindex=\"0\"><b>7. DATOS ABIERTOS<\/b><\/a>\n\t\t\t\t\t<\/div>\n\t\t\t\t\t<div id=\"elementor-tab-content-1577\" class=\"elementor-tab-content elementor-clearfix\" data-tab=\"7\" role=\"region\" aria-labelledby=\"elementor-tab-title-1577\"><p>7.1 Instrumentos de gesti\u00f3n de la informaci\u00f3n<\/p><p>7.2 Secci\u00f3n de Datos Abiertos<\/p><\/div>\n\t\t\t\t<\/div>\n\t\t\t\t\t\t\t<div class=\"elementor-accordion-item\">\n\t\t\t\t\t<div id=\"elementor-tab-title-1578\" class=\"elementor-tab-title\" data-tab=\"8\" role=\"button\" aria-controls=\"elementor-tab-content-1578\" aria-expanded=\"false\">\n\t\t\t\t\t\t\t\t\t\t\t\t\t<span class=\"elementor-accordion-icon elementor-accordion-icon-left\" aria-hidden=\"true\">\n\t\t\t\t\t\t\t\t\t\t\t\t\t\t\t<span class=\"elementor-accordion-icon-closed\"><i class=\"fas fa-plus\"><\/i><\/span>\n\t\t\t\t\t\t\t\t<span class=\"elementor-accordion-icon-opened\"><i class=\"fas fa-minus\"><\/i><\/span>\n\t\t\t\t\t\t\t\t\t\t\t\t\t\t<\/span>\n\t\t\t\t\t\t\t\t\t\t\t\t<a class=\"elementor-accordion-title\" tabindex=\"0\"><b>8. INFORMACION ESPECIFICA PARA GRUPOS DE INTERES<\/b><\/a>\n\t\t\t\t\t<\/div>\n\t\t\t\t\t<div id=\"elementor-tab-content-1578\" class=\"elementor-tab-content elementor-clearfix\" data-tab=\"8\" role=\"region\" aria-labelledby=\"elementor-tab-title-1578\"><p>8.1 Informaci\u00f3n para Grupos Espec\u00edficos<\/p><\/div>\n\t\t\t\t<\/div>\n\t\t\t\t\t\t\t<div class=\"elementor-accordion-item\">\n\t\t\t\t\t<div id=\"elementor-tab-title-1579\" class=\"elementor-tab-title\" data-tab=\"9\" role=\"button\" aria-controls=\"elementor-tab-content-1579\" aria-expanded=\"false\">\n\t\t\t\t\t\t\t\t\t\t\t\t\t<span class=\"elementor-accordion-icon elementor-accordion-icon-left\" aria-hidden=\"true\">\n\t\t\t\t\t\t\t\t\t\t\t\t\t\t\t<span class=\"elementor-accordion-icon-closed\"><i class=\"fas fa-plus\"><\/i><\/span>\n\t\t\t\t\t\t\t\t<span class=\"elementor-accordion-icon-opened\"><i class=\"fas fa-minus\"><\/i><\/span>\n\t\t\t\t\t\t\t\t\t\t\t\t\t\t<\/span>\n\t\t\t\t\t\t\t\t\t\t\t\t<a class=\"elementor-accordion-title\" tabindex=\"0\"><b>9. OBLIGACIONES DE REPORTE DE INFORMACION<\/b><\/a>\n\t\t\t\t\t<\/div>\n\t\t\t\t\t<div id=\"elementor-tab-content-1579\" class=\"elementor-tab-content elementor-clearfix\" data-tab=\"9\" role=\"region\" aria-labelledby=\"elementor-tab-title-1579\"><p>9.1 Normatividad Especial<\/p><\/div>\n\t\t\t\t<\/div>\n\t\t\t\t\t\t\t<div class=\"elementor-accordion-item\">\n\t\t\t\t\t<div id=\"elementor-tab-title-15710\" class=\"elementor-tab-title\" data-tab=\"10\" role=\"button\" aria-controls=\"elementor-tab-content-15710\" aria-expanded=\"false\">\n\t\t\t\t\t\t\t\t\t\t\t\t\t<span class=\"elementor-accordion-icon elementor-accordion-icon-left\" aria-hidden=\"true\">\n\t\t\t\t\t\t\t\t\t\t\t\t\t\t\t<span class=\"elementor-accordion-icon-closed\"><i class=\"fas fa-plus\"><\/i><\/span>\n\t\t\t\t\t\t\t\t<span class=\"elementor-accordion-icon-opened\"><i class=\"fas fa-minus\"><\/i><\/span>\n\t\t\t\t\t\t\t\t\t\t\t\t\t\t<\/span>\n\t\t\t\t\t\t\t\t\t\t\t\t<a class=\"elementor-accordion-title\" tabindex=\"0\"><b>10. MEN\u00da ATENCI\u00d3N Y SERVICIOS A LA CIUDADAN\u00cdA<\/b><\/a>\n\t\t\t\t\t<\/div>\n\t\t\t\t\t<div id=\"elementor-tab-content-15710\" class=\"elementor-tab-content elementor-clearfix\" data-tab=\"10\" role=\"region\" aria-labelledby=\"elementor-tab-title-15710\"><p>10.1 Tr\u00e1mites, Otros Procedimientos Administrativos y consultas de acceso a informaci\u00f3n p\u00fablica<\/p><p>10.2 Canales de atenci\u00f3n y pida una cita<\/p><p>10.3 PQRSD<\/p><\/div>\n\t\t\t\t<\/div>\n\t\t\t\t\t\t\t<div class=\"elementor-accordion-item\">\n\t\t\t\t\t<div id=\"elementor-tab-title-15711\" class=\"elementor-tab-title\" data-tab=\"11\" role=\"button\" aria-controls=\"elementor-tab-content-15711\" aria-expanded=\"false\">\n\t\t\t\t\t\t\t\t\t\t\t\t\t<span class=\"elementor-accordion-icon elementor-accordion-icon-left\" aria-hidden=\"true\">\n\t\t\t\t\t\t\t\t\t\t\t\t\t\t\t<span class=\"elementor-accordion-icon-closed\"><i class=\"fas fa-plus\"><\/i><\/span>\n\t\t\t\t\t\t\t\t<span class=\"elementor-accordion-icon-opened\"><i class=\"fas fa-minus\"><\/i><\/span>\n\t\t\t\t\t\t\t\t\t\t\t\t\t\t<\/span>\n\t\t\t\t\t\t\t\t\t\t\t\t<a class=\"elementor-accordion-title\" tabindex=\"0\"><b>11. SECCI\u00d3N DE NOTICIAS<\/b><\/a>\n\t\t\t\t\t<\/div>\n\t\t\t\t\t<div id=\"elementor-tab-content-15711\" class=\"elementor-tab-content elementor-clearfix\" data-tab=\"11\" role=\"region\" aria-labelledby=\"elementor-tab-title-15711\"><p>11.1 <a style=\"color: var(--govcolor-marine); text-decoration-line: underline; display: inline;\" href=\"https:\/\/www.hsrafaelsanjuan.gov.co\/category\/hospital\/\">Secci\u00f3n de Noticias<\/a><\/p><\/div>\n\t\t\t\t<\/div>\n\t\t\t\t\t\t\t<div class=\"elementor-accordion-item\">\n\t\t\t\t\t<div id=\"elementor-tab-title-15712\" class=\"elementor-tab-title\" data-tab=\"12\" role=\"button\" aria-controls=\"elementor-tab-content-15712\" aria-expanded=\"false\">\n\t\t\t\t\t\t\t\t\t\t\t\t\t<span class=\"elementor-accordion-icon elementor-accordion-icon-left\" aria-hidden=\"true\">\n\t\t\t\t\t\t\t\t\t\t\t\t\t\t\t<span class=\"elementor-accordion-icon-closed\"><i class=\"fas fa-plus\"><\/i><\/span>\n\t\t\t\t\t\t\t\t<span class=\"elementor-accordion-icon-opened\"><i class=\"fas fa-minus\"><\/i><\/span>\n\t\t\t\t\t\t\t\t\t\t\t\t\t\t<\/span>\n\t\t\t\t\t\t\t\t\t\t\t\t<a class=\"elementor-accordion-title\" tabindex=\"0\"><b>12. ANEXO 3. CONDICIONES T\u00c9CNICAS M\u00cdNIMAS  Y DE SEGURIDAD DIGITAL WEB<\/b><\/a>\n\t\t\t\t\t<\/div>\n\t\t\t\t\t<div id=\"elementor-tab-content-15712\" class=\"elementor-tab-content elementor-clearfix\" data-tab=\"12\" role=\"region\" aria-labelledby=\"elementor-tab-title-15712\"><p>12.1 Anexo 3. Condiciones de seguridad digital<\/p><\/div>\n\t\t\t\t<\/div>\n\t\t\t\t\t\t\t\t<\/div>\n\t\t\t\t\t\t<\/div>\n\t\t\t\t<\/div>\n\t\t\t\t\t<\/div>\n\t\t<\/div>\n\t\t\t\t\t<\/div>\n\t\t<\/section>\n\t\t\t\t<\/div>\n\t\t","protected":false},"excerpt":{"rendered":"<p>1. INFORMACION DE LA ENTIDAD 1.1 Misi\u00f3n, Visual, Funciones y Deberes 1.2\u00a0Estructura org\u00e1nica &#8211; Organigrama 1.3\u00a0Mapas y Cartas descriptivas de los procesos 1.4 Directorio Institucional incluyendo sedes, oficinas, sucursales, o regionales, y dependencias 1.5\u00a0Directorio de servidores p\u00fablicos, empleados o contratistas 1.6\u00a0Directorio de entidades 1.7 Directorio de agremiaciones, asociaciones y otros grupos de inter\u00e9s 1.8\u00a0Servicio al &#8230; <a title=\"Transparencia\" class=\"read-more\" href=\"https:\/\/www.hospitalsantaritadecassia.co\/?page_id=794\" aria-label=\"M\u00e1s en Transparencia\">Leer m\u00e1s<\/a><\/p>\n","protected":false},"author":1,"featured_media":0,"parent":0,"menu_order":0,"comment_status":"closed","ping_status":"closed","template":"","meta":{"footnotes":""},"class_list":["post-794","page","type-page","status-publish"],"_links":{"self":[{"href":"https:\/\/www.hospitalsantaritadecassia.co\/index.php?rest_route=\/wp\/v2\/pages\/794","targetHints":{"allow":["GET"]}}],"collection":[{"href":"https:\/\/www.hospitalsantaritadecassia.co\/index.php?rest_route=\/wp\/v2\/pages"}],"about":[{"href":"https:\/\/www.hospitalsantaritadecassia.co\/index.php?rest_route=\/wp\/v2\/types\/page"}],"author":[{"embeddable":true,"href":"https:\/\/www.hospitalsantaritadecassia.co\/index.php?rest_route=\/wp\/v2\/users\/1"}],"replies":[{"embeddable":true,"href":"https:\/\/www.hospitalsantaritadecassia.co\/index.php?rest_route=%2Fwp%2Fv2%2Fcomments&post=794"}],"version-history":[{"count":56,"href":"https:\/\/www.hospitalsantaritadecassia.co\/index.php?rest_route=\/wp\/v2\/pages\/794\/revisions"}],"predecessor-version":[{"id":917,"href":"https:\/\/www.hospitalsantaritadecassia.co\/index.php?rest_route=\/wp\/v2\/pages\/794\/revisions\/917"}],"wp:attachment":[{"href":"https:\/\/www.hospitalsantaritadecassia.co\/index.php?rest_route=%2Fwp%2Fv2%2Fmedia&parent=794"}],"curies":[{"name":"wp","href":"https:\/\/api.w.org\/{rel}","templated":true}]}}